{"id":1136,"date":"2017-02-07T23:05:24","date_gmt":"2017-02-07T22:05:24","guid":{"rendered":"http:\/\/www.pensionmlyn.eu\/penzion-mlyn-velke-bilovice\/"},"modified":"2017-03-11T22:18:30","modified_gmt":"2017-03-11T21:18:30","slug":"mieszkanie-velke-bilovice-domek-goscinny-mlyn","status":"publish","type":"page","link":"https:\/\/www.pensionmlyn.eu\/pl\/","title":{"rendered":"Mieszkanie Velk\u00e9 B\u00edlovice, domek go\u015bcinny Ml\u00fdn"},"content":{"rendered":"","protected":false},"excerpt":{"rendered":"","protected":false},"author":1,"featured_media":0,"parent":0,"menu_order":1,"comment_status":"closed","ping_status":"closed","template":"","meta":{"footnotes":""},"class_list":["post-1136","page","type-page","status-publish","hentry"],"_links":{"self":[{"href":"https:\/\/www.pensionmlyn.eu\/pl\/wp-json\/wp\/v2\/pages\/1136","targetHints":{"allow":["GET"]}}],"collection":[{"href":"https:\/\/www.pensionmlyn.eu\/pl\/wp-json\/wp\/v2\/pages"}],"about":[{"href":"https:\/\/www.pensionmlyn.eu\/pl\/wp-json\/wp\/v2\/types\/page"}],"author":[{"embeddable":true,"href":"https:\/\/www.pensionmlyn.eu\/pl\/wp-json\/wp\/v2\/users\/1"}],"replies":[{"embeddable":true,"href":"https:\/\/www.pensionmlyn.eu\/pl\/wp-json\/wp\/v2\/comments?post=1136"}],"version-history":[{"count":3,"href":"https:\/\/www.pensionmlyn.eu\/pl\/wp-json\/wp\/v2\/pages\/1136\/revisions"}],"predecessor-version":[{"id":1215,"href":"https:\/\/www.pensionmlyn.eu\/pl\/wp-json\/wp\/v2\/pages\/1136\/revisions\/1215"}],"wp:attachment":[{"href":"https:\/\/www.pensionmlyn.eu\/pl\/wp-json\/wp\/v2\/media?parent=1136"}],"curies":[{"name":"wp","href":"https:\/\/api.w.org\/{rel}","templated":true}]}}